{"id":892,"date":"2026-01-01T22:15:52","date_gmt":"2026-01-01T21:15:52","guid":{"rendered":"http:\/\/riline-couture.fr\/?page_id=892"},"modified":"2026-01-03T09:46:02","modified_gmt":"2026-01-03T08:46:02","slug":"creation-de-vetements","status":"publish","type":"page","link":"https:\/\/riline-couture.fr\/?page_id=892","title":{"rendered":"Cr\u00e9ation de v\u00eatements sur mesure"},"content":{"rendered":"\n<p>La cr\u00e9ation sur mesure de v\u00eatements pour un mariage, une c\u00e9r\u00e9monie ou toute autre occasion sp\u00e9ciale est un choix d\u2019excellence. Elle permet de concevoir une tenue unique, parfaitement adapt\u00e9e \u00e0 la morphologie, au style et aux attentes de la personne qui la porte. Chaque d\u00e9tail est soigneusement pens\u00e9, du choix des tissus aux finitions, pour garantir \u00e9l\u00e9gance, confort et harmonie.<\/p>\n\n\n\n<p>L\u2019accompagnement par une couturi\u00e8re d\u2019exp\u00e9rience constitue une v\u00e9ritable plus-value tout au long du projet. D\u00e8s la phase de cr\u00e9ation, je conseille, oriente et traduit vos id\u00e9es en une pi\u00e8ce coh\u00e9rente et r\u00e9alisable, tout en anticipant les contraintes techniques. Lors de la r\u00e9alisation, mon savoir-faire assure une coupe pr\u00e9cise, des ajustements minutieux et une qualit\u00e9 irr\u00e9prochable. Gr\u00e2ce \u00e0 cet accompagnement personnalis\u00e9, la tenue \u00e9volue au fil des essayages pour atteindre la perfection.<\/p>\n\n\n\n<p>Faire appel au sur-mesure, c\u2019est s\u2019offrir bien plus qu\u2019un v\u00eatement : c\u2019est vivre une exp\u00e9rience humaine et cr\u00e9ative, aboutissant \u00e0 une pi\u00e8ce unique, porteuse d\u2019\u00e9motion et de sens.<\/p>\n","protected":false},"excerpt":{"rendered":"<p>La cr\u00e9ation sur mesure de v\u00eatements pour un mariage, une c\u00e9r\u00e9monie ou toute autre occasion sp\u00e9ciale est un choix d\u2019excellence. Elle permet de concevoir une tenue unique, parfaitement adapt\u00e9e \u00e0 la morphologie, au style et aux attentes de la personne qui la porte. Chaque d\u00e9tail est soigneusement pens\u00e9, du choix des tissus aux finitions, pour [&hellip;]<\/p>\n","protected":false},"author":1,"featured_media":570,"parent":0,"menu_order":0,"comment_status":"closed","ping_status":"closed","template":"","meta":{"footnotes":""},"class_list":["post-892","page","type-page","status-publish","has-post-thumbnail","czr-hentry"],"_links":{"self":[{"href":"https:\/\/riline-couture.fr\/index.php?rest_route=\/wp\/v2\/pages\/892","targetHints":{"allow":["GET"]}}],"collection":[{"href":"https:\/\/riline-couture.fr\/index.php?rest_route=\/wp\/v2\/pages"}],"about":[{"href":"https:\/\/riline-couture.fr\/index.php?rest_route=\/wp\/v2\/types\/page"}],"author":[{"embeddable":true,"href":"https:\/\/riline-couture.fr\/index.php?rest_route=\/wp\/v2\/users\/1"}],"replies":[{"embeddable":true,"href":"https:\/\/riline-couture.fr\/index.php?rest_route=%2Fwp%2Fv2%2Fcomments&post=892"}],"version-history":[{"count":3,"href":"https:\/\/riline-couture.fr\/index.php?rest_route=\/wp\/v2\/pages\/892\/revisions"}],"predecessor-version":[{"id":912,"href":"https:\/\/riline-couture.fr\/index.php?rest_route=\/wp\/v2\/pages\/892\/revisions\/912"}],"wp:featuredmedia":[{"embeddable":true,"href":"https:\/\/riline-couture.fr\/index.php?rest_route=\/wp\/v2\/media\/570"}],"wp:attachment":[{"href":"https:\/\/riline-couture.fr\/index.php?rest_route=%2Fwp%2Fv2%2Fmedia&parent=892"}],"curies":[{"name":"wp","href":"https:\/\/api.w.org\/{rel}","templated":true}]}}