{"id":887,"date":"2026-01-01T22:08:06","date_gmt":"2026-01-01T21:08:06","guid":{"rendered":"http:\/\/riline-couture.fr\/?page_id=887"},"modified":"2026-01-03T09:49:02","modified_gmt":"2026-01-03T08:49:02","slug":"creation-de-vetement","status":"publish","type":"page","link":"https:\/\/riline-couture.fr\/?page_id=887","title":{"rendered":"Cours de couture"},"content":{"rendered":"\n<p>D\u00e9couvrez l\u2019univers cr\u00e9atif et pratique de la couture \u00e0 travers des cours accessibles \u00e0 tous, d\u00e9butants comme initi\u00e9s. Que vous souhaitiez apprendre \u00e0 utiliser une machine \u00e0 coudre, r\u00e9aliser vos premiers projets ou perfectionner vos techniques, mon atelier est con\u00e7u pour vous accompagner pas \u00e0 pas dans une ambiance conviviale et stimulante.<\/p>\n\n\n\n<p> La couture est bien plus qu\u2019un simple savoir-faire : c\u2019est une fa\u00e7on d\u2019exprimer sa cr\u00e9ativit\u00e9, de d\u00e9velopper sa patience et de gagner en autonomie. Au fil des s\u00e9ances, vous apprendrez \u00e0 reconna\u00eetre les tissus, lire et cr\u00e9er un patron, prendre des mesures, couper avec pr\u00e9cision et assembler vos cr\u00e9ations. Chaque cours m\u00eale th\u00e9orie et pratique afin de vous permettre de progresser rapidement tout en prenant plaisir \u00e0 cr\u00e9er de vos mains.<\/p>\n\n\n\n<p>Nos cours mettent l\u2019accent sur l\u2019apprentissage personnalis\u00e9, le partage et la valorisation de chaque projet. V\u00eatements, accessoires ou objets du quotidien : vous repartez avec des r\u00e9alisations uniques et la fiert\u00e9 de les avoir con\u00e7ues vous-m\u00eame. Encadr\u00e9s par une formatrice d&rsquo;exp\u00e9rience \ud83d\ude42 , vous \u00e9voluez \u00e0 votre rythme, dans un cadre bienveillant.<\/p>\n\n\n\n<p>Rejoignez-moi pour transformer vos id\u00e9es en cr\u00e9ations concr\u00e8tes et d\u00e9couvrir le plaisir de la couture, une comp\u00e9tence utile, cr\u00e9ative et durable.<\/p>\n\n\n\n<p><br><\/p>\n","protected":false},"excerpt":{"rendered":"<p>D\u00e9couvrez l\u2019univers cr\u00e9atif et pratique de la couture \u00e0 travers des cours accessibles \u00e0 tous, d\u00e9butants comme initi\u00e9s. Que vous souhaitiez apprendre \u00e0 utiliser une machine \u00e0 coudre, r\u00e9aliser vos premiers projets ou perfectionner vos techniques, mon atelier est con\u00e7u pour vous accompagner pas \u00e0 pas dans une ambiance conviviale et stimulante. La couture est [&hellip;]<\/p>\n","protected":false},"author":1,"featured_media":0,"parent":0,"menu_order":0,"comment_status":"closed","ping_status":"closed","template":"","meta":{"footnotes":""},"class_list":["post-887","page","type-page","status-publish","czr-hentry"],"_links":{"self":[{"href":"https:\/\/riline-couture.fr\/index.php?rest_route=\/wp\/v2\/pages\/887","targetHints":{"allow":["GET"]}}],"collection":[{"href":"https:\/\/riline-couture.fr\/index.php?rest_route=\/wp\/v2\/pages"}],"about":[{"href":"https:\/\/riline-couture.fr\/index.php?rest_route=\/wp\/v2\/types\/page"}],"author":[{"embeddable":true,"href":"https:\/\/riline-couture.fr\/index.php?rest_route=\/wp\/v2\/users\/1"}],"replies":[{"embeddable":true,"href":"https:\/\/riline-couture.fr\/index.php?rest_route=%2Fwp%2Fv2%2Fcomments&post=887"}],"version-history":[{"count":3,"href":"https:\/\/riline-couture.fr\/index.php?rest_route=\/wp\/v2\/pages\/887\/revisions"}],"predecessor-version":[{"id":913,"href":"https:\/\/riline-couture.fr\/index.php?rest_route=\/wp\/v2\/pages\/887\/revisions\/913"}],"wp:attachment":[{"href":"https:\/\/riline-couture.fr\/index.php?rest_route=%2Fwp%2Fv2%2Fmedia&parent=887"}],"curies":[{"name":"wp","href":"https:\/\/api.w.org\/{rel}","templated":true}]}}