{"id":811,"date":"2024-07-15T20:05:48","date_gmt":"2024-07-15T19:05:48","guid":{"rendered":"http:\/\/riline-couture.fr\/?page_id=811"},"modified":"2026-01-03T11:22:55","modified_gmt":"2026-01-03T10:22:55","slug":"atelier-ferme","status":"publish","type":"page","link":"https:\/\/riline-couture.fr\/","title":{"rendered":"Riline Couture"},"content":{"rendered":"\n<p><br><br><\/p>\n\n\n\n<p>Un nouvel atelier de couture ouvre ses portes \u00e0 Alban, offrant un lieu chaleureux d\u00e9di\u00e9 \u00e0 la cr\u00e9ation et au partage du savoir-faire textile. Pens\u00e9 comme un espace particuli\u00e8rement convivial, cet atelier accueille aussi bien les curieux que les passionn\u00e9s souhaitant apprendre ou se perfectionner gr\u00e2ce \u00e0 des cours de couture accessibles \u00e0 tous les niveaux. Dans une ambiance bienveillante, chacun progresse \u00e0 son rythme, accompagn\u00e9 avec patience et professionnalisme.<\/p>\n\n\n\n<p>Au-del\u00e0 des cours, l\u2019atelier propose \u00e9galement la conception et la r\u00e9alisation de tenues sur mesure pour les grands moments de la vie : mariage, c\u00e9r\u00e9monie, \u00e9v\u00e9nements familiaux ou professionnels. Chaque projet fait l\u2019objet d\u2019une attention personnalis\u00e9e, depuis l\u2019id\u00e9e initiale jusqu\u2019aux derniers ajustements, afin de cr\u00e9er une pi\u00e8ce unique, \u00e9l\u00e9gante et parfaitement adapt\u00e9e.<\/p>\n\n\n\n<p>Cet atelier d\u2019Alban se veut un lieu vivant, o\u00f9 cr\u00e9ativit\u00e9, \u00e9coute et qualit\u00e9 artisanale se rencontrent, pour donner vie \u00e0 des v\u00eatements porteurs de sens et d\u2019\u00e9motion.<\/p>\n\n\n\n<p>Riline Couture &#8211; Le Riveyral &#8211; 51 route de R\u00e9almont 81250 Alban &#8211; 06.89.14.98.01<\/p>\n\n\n\n<p><\/p>\n\n\n\n<p><\/p>\n","protected":false},"excerpt":{"rendered":"<p>Un nouvel atelier de couture ouvre ses portes \u00e0 Alban, offrant un lieu chaleureux d\u00e9di\u00e9 \u00e0 la cr\u00e9ation et au partage du savoir-faire textile. Pens\u00e9 comme un espace particuli\u00e8rement convivial, cet atelier accueille aussi bien les curieux que les passionn\u00e9s souhaitant apprendre ou se perfectionner gr\u00e2ce \u00e0 des cours de couture accessibles \u00e0 tous les [&hellip;]<\/p>\n","protected":false},"author":1,"featured_media":0,"parent":0,"menu_order":0,"comment_status":"closed","ping_status":"closed","template":"","meta":{"footnotes":""},"class_list":["post-811","page","type-page","status-publish","czr-hentry"],"_links":{"self":[{"href":"https:\/\/riline-couture.fr\/index.php?rest_route=\/wp\/v2\/pages\/811","targetHints":{"allow":["GET"]}}],"collection":[{"href":"https:\/\/riline-couture.fr\/index.php?rest_route=\/wp\/v2\/pages"}],"about":[{"href":"https:\/\/riline-couture.fr\/index.php?rest_route=\/wp\/v2\/types\/page"}],"author":[{"embeddable":true,"href":"https:\/\/riline-couture.fr\/index.php?rest_route=\/wp\/v2\/users\/1"}],"replies":[{"embeddable":true,"href":"https:\/\/riline-couture.fr\/index.php?rest_route=%2Fwp%2Fv2%2Fcomments&post=811"}],"version-history":[{"count":14,"href":"https:\/\/riline-couture.fr\/index.php?rest_route=\/wp\/v2\/pages\/811\/revisions"}],"predecessor-version":[{"id":923,"href":"https:\/\/riline-couture.fr\/index.php?rest_route=\/wp\/v2\/pages\/811\/revisions\/923"}],"wp:attachment":[{"href":"https:\/\/riline-couture.fr\/index.php?rest_route=%2Fwp%2Fv2%2Fmedia&parent=811"}],"curies":[{"name":"wp","href":"https:\/\/api.w.org\/{rel}","templated":true}]}}