{"id":19,"date":"2014-11-13T12:08:38","date_gmt":"2014-11-13T11:08:38","guid":{"rendered":"http:\/\/riline-couture.fr\/?page_id=19"},"modified":"2015-01-11T19:01:27","modified_gmt":"2015-01-11T18:01:27","slug":"confection","status":"publish","type":"page","link":"https:\/\/riline-couture.fr\/?page_id=19","title":{"rendered":"Confection"},"content":{"rendered":"<p>Riline Couture, c&rsquo;est avant tout un atelier de confection.<\/p>\n<p>Alors mesdames, n&rsquo;h\u00e9sitez plus. Goutez aux joies de la confection et de v\u00eatements uniques r\u00e9alis\u00e9s sp\u00e9cialement\u00a0 pour vous \u00e0 vos mensurations. Tout cela pour des prix tout \u00e0 fait raisonnables compte tenu des prestations offertes.<\/p>\n","protected":false},"excerpt":{"rendered":"<p>Riline Couture, c&rsquo;est avant tout un atelier de confection. Alors mesdames, n&rsquo;h\u00e9sitez plus. Goutez aux joies de la confection et de v\u00eatements uniques r\u00e9alis\u00e9s sp\u00e9cialement\u00a0 pour vous \u00e0 vos mensurations. Tout cela pour des prix tout \u00e0 fait raisonnables compte tenu des prestations offertes.<\/p>\n","protected":false},"author":1,"featured_media":125,"parent":0,"menu_order":0,"comment_status":"closed","ping_status":"closed","template":"","meta":{"footnotes":""},"class_list":["post-19","page","type-page","status-publish","has-post-thumbnail","czr-hentry"],"_links":{"self":[{"href":"https:\/\/riline-couture.fr\/index.php?rest_route=\/wp\/v2\/pages\/19","targetHints":{"allow":["GET"]}}],"collection":[{"href":"https:\/\/riline-couture.fr\/index.php?rest_route=\/wp\/v2\/pages"}],"about":[{"href":"https:\/\/riline-couture.fr\/index.php?rest_route=\/wp\/v2\/types\/page"}],"author":[{"embeddable":true,"href":"https:\/\/riline-couture.fr\/index.php?rest_route=\/wp\/v2\/users\/1"}],"replies":[{"embeddable":true,"href":"https:\/\/riline-couture.fr\/index.php?rest_route=%2Fwp%2Fv2%2Fcomments&post=19"}],"version-history":[{"count":2,"href":"https:\/\/riline-couture.fr\/index.php?rest_route=\/wp\/v2\/pages\/19\/revisions"}],"predecessor-version":[{"id":130,"href":"https:\/\/riline-couture.fr\/index.php?rest_route=\/wp\/v2\/pages\/19\/revisions\/130"}],"wp:featuredmedia":[{"embeddable":true,"href":"https:\/\/riline-couture.fr\/index.php?rest_route=\/wp\/v2\/media\/125"}],"wp:attachment":[{"href":"https:\/\/riline-couture.fr\/index.php?rest_route=%2Fwp%2Fv2%2Fmedia&parent=19"}],"curies":[{"name":"wp","href":"https:\/\/api.w.org\/{rel}","templated":true}]}}